{"id":112,"date":"2014-08-06T15:03:13","date_gmt":"2014-08-06T12:03:13","guid":{"rendered":"http:\/\/atdas.com.tr\/site\/en\/?page_id=112"},"modified":"2014-08-28T14:11:55","modified_gmt":"2014-08-28T11:11:55","slug":"urunlerimiz","status":"publish","type":"page","link":"https:\/\/atdas.com.tr\/site\/en\/urunlerimiz\/","title":{"rendered":"Our products"},"content":{"rendered":"<p>The product is a PANEL manufactured for sensitively-insulated Ventilation Channel System out of polyisocyanurate (PIR) foam covered with 99% pure aluminium foil on the both surfaces.<\/p>\n<p>It is a durable, light, practical, hygienic and high temperature resistant, and provides and offers easy manufacturing and installation along with high indoor air quality.<\/p>\n<p>Thanks to its high temperature resistance (heat transmission coefficient is 0,020 Kcal \/ hmC), it does not condense, and does not rust since its interior and exterior surfaces are coated with aluminium foil with a purity grade of 99%.<\/p>\n<p>Thanks to its said properties, the product can be conveniently used in humid environments (such as indoor swimming pools, indoor sports halls, shelter, and garage). Antibacterial products can also be conveniently used in the projects in health sector.<\/p>\n<p>&nbsp;<\/p>\n<p>Thanks to its compression pressure resistance strength (200 N \/ mm2), the product can be conveniently used in high-flow and pressured air transmission and transfer.<\/p>\n<p>ISO DUCT Panels are hardly flammable when exposed to flame thanks to its polyisocyanurate (PIR) foam carbon cellular structure. Due to its structural feature of the product, the flame chars instead of giving out smoke.<\/p>\n<p>(BS476 : Class 0) (EN 13501 : B \u2013 s2,d0)<\/p>\n<p><strong>TECHNICAL PROPERTIES<\/strong><strong>(TEKN\u0130K \u00d6ZELL\u0130KLER\u0130)<\/strong><\/p>\n<table width=\"486\">\n<tbody>\n<tr>\n<td width=\"228\">Panel Thickness<\/td>\n<td width=\"252\">20mm \u2013 30 mm<\/td>\n<\/tr>\n<tr>\n<td width=\"228\">Thickness of Aluminium Foil<\/td>\n<td width=\"252\">60, 80, 200 Microns<\/td>\n<\/tr>\n<tr>\n<td width=\"228\">Foam Density<\/td>\n<td width=\"252\">40 \u2013 45kg \/ m3<\/td>\n<\/tr>\n<tr>\n<td width=\"228\">Pressure Resistance Strength<\/td>\n<td width=\"252\">200 N \/ mm<sup>2<\/sup><\/td>\n<\/tr>\n<tr>\n<td width=\"228\">Flame Resistance<\/td>\n<td width=\"252\">B1<\/td>\n<\/tr>\n<tr>\n<td width=\"228\">Friction Coefficient<\/td>\n<td width=\"252\">0.0135<\/td>\n<\/tr>\n<tr>\n<td width=\"228\">Panel Dimensions<\/td>\n<td width=\"252\">Width: 1200mm Length:4000mm<\/td>\n<\/tr>\n<tr>\n<td colspan=\"2\" width=\"482\">ISO Duct Panels are waterproof, and does not allow formation of bacteria and rust.<\/td>\n<\/tr>\n<tr>\n<td colspan=\"2\" width=\"482\">ISO Duct Panels does not contain FREON, and hence environment-friendly.<\/td>\n<\/tr>\n<\/tbody>\n<\/table>\n<p>&nbsp;<\/p>\n<p><strong>ACCESSORIES <\/strong><strong>(AKSESUARLAR)<\/strong><\/p>\n<table width=\"287\">\n<tbody>\n<tr>\n<td width=\"283\"><strong>Aluminium Joint Flange <\/strong><\/td>\n<\/tr>\n<tr>\n<td width=\"283\"><strong>Aluminium \u201cU\u201d Flange<\/strong><\/td>\n<\/tr>\n<tr>\n<td width=\"283\"><strong>Aluminium \u201cF\u201c Flange<\/strong><\/td>\n<\/tr>\n<tr>\n<td width=\"283\"><strong>Aluminium \u201ch\u201d Flange<\/strong><\/td>\n<\/tr>\n<tr>\n<td width=\"283\"><strong>Type \u201cH\u201d Slide <\/strong><\/td>\n<\/tr>\n<tr>\n<td width=\"283\"><strong>Adhesive <\/strong><\/td>\n<\/tr>\n<tr>\n<td width=\"283\"><strong>Silicon<\/strong><\/td>\n<\/tr>\n<tr>\n<td width=\"283\"><strong>Aluminium Tape<\/strong><\/td>\n<\/tr>\n<tr>\n<td width=\"283\"><strong>PVC Corner Brace<\/strong><\/td>\n<\/tr>\n<tr>\n<td width=\"283\"><strong>Metal Corner Brace<\/strong><\/td>\n<\/tr>\n<\/tbody>\n<\/table>\n\n\t\t<style type=\"text\/css\">\n\t\t\t#gallery-1 {\n\t\t\t\tmargin: auto;\n\t\t\t}\n\t\t\t#gallery-1 .gallery-item {\n\t\t\t\tfloat: left;\n\t\t\t\tmargin-top: 10px;\n\t\t\t\ttext-align: center;\n\t\t\t\twidth: 20%;\n\t\t\t}\n\t\t\t#gallery-1 img {\n\t\t\t\tborder: 2px solid #cfcfcf;\n\t\t\t}\n\t\t\t#gallery-1 .gallery-caption {\n\t\t\t\tmargin-left: 0;\n\t\t\t}\n\t\t\t\/* see gallery_shortcode() in wp-includes\/media.php *\/\n\t\t<\/style>\n\t\t<div id='gallery-1' class='gallery galleryid-112 gallery-columns-5 gallery-size-thumbnail'><dl class='gallery-item'>\n\t\t\t<dt class='gallery-icon landscape'>\n\t\t\t\t<a href='https:\/\/atdas.com.tr\/site\/en\/urunlerimiz\/ana-sayfada-yer-alacak-ilk-foto-copy\/'><img width=\"150\" height=\"150\" src=\"https:\/\/atdas.com.tr\/site\/en\/wp-content\/uploads\/ana-sayfada-yer-alacak-ilk-foto-Copy-150x150.jpg\" class=\"attachment-thumbnail size-thumbnail\" alt=\"\" loading=\"lazy\" srcset=\"https:\/\/atdas.com.tr\/site\/en\/wp-content\/uploads\/ana-sayfada-yer-alacak-ilk-foto-Copy-150x150.jpg 150w, https:\/\/atdas.com.tr\/site\/en\/wp-content\/uploads\/ana-sayfada-yer-alacak-ilk-foto-Copy.jpg 250w\" sizes=\"(max-width: 150px) 100vw, 150px\" \/><\/a>\n\t\t\t<\/dt><\/dl><dl class='gallery-item'>\n\t\t\t<dt class='gallery-icon landscape'>\n\t\t\t\t<a href='https:\/\/atdas.com.tr\/site\/en\/urunlerimiz\/images-1-copy\/'><img width=\"150\" height=\"150\" src=\"https:\/\/atdas.com.tr\/site\/en\/wp-content\/uploads\/images-1-Copy-150x150.jpg\" class=\"attachment-thumbnail size-thumbnail\" alt=\"\" loading=\"lazy\" srcset=\"https:\/\/atdas.com.tr\/site\/en\/wp-content\/uploads\/images-1-Copy-150x150.jpg 150w, https:\/\/atdas.com.tr\/site\/en\/wp-content\/uploads\/images-1-Copy.jpg 250w\" sizes=\"(max-width: 150px) 100vw, 150px\" \/><\/a>\n\t\t\t<\/dt><\/dl><dl class='gallery-item'>\n\t\t\t<dt class='gallery-icon landscape'>\n\t\t\t\t<a href='https:\/\/atdas.com.tr\/site\/en\/urunlerimiz\/images-3-copy\/'><img width=\"150\" height=\"150\" src=\"https:\/\/atdas.com.tr\/site\/en\/wp-content\/uploads\/images-3-Copy-150x150.jpg\" class=\"attachment-thumbnail size-thumbnail\" alt=\"\" loading=\"lazy\" srcset=\"https:\/\/atdas.com.tr\/site\/en\/wp-content\/uploads\/images-3-Copy-150x150.jpg 150w, https:\/\/atdas.com.tr\/site\/en\/wp-content\/uploads\/images-3-Copy.jpg 250w\" sizes=\"(max-width: 150px) 100vw, 150px\" \/><\/a>\n\t\t\t<\/dt><\/dl><dl class='gallery-item'>\n\t\t\t<dt class='gallery-icon landscape'>\n\t\t\t\t<a href='https:\/\/atdas.com.tr\/site\/en\/urunlerimiz\/images-copy\/'><img width=\"150\" height=\"150\" src=\"https:\/\/atdas.com.tr\/site\/en\/wp-content\/uploads\/images-Copy-150x150.jpg\" class=\"attachment-thumbnail size-thumbnail\" alt=\"\" loading=\"lazy\" srcset=\"https:\/\/atdas.com.tr\/site\/en\/wp-content\/uploads\/images-Copy-150x150.jpg 150w, https:\/\/atdas.com.tr\/site\/en\/wp-content\/uploads\/images-Copy.jpg 250w\" sizes=\"(max-width: 150px) 100vw, 150px\" \/><\/a>\n\t\t\t<\/dt><\/dl><dl class='gallery-item'>\n\t\t\t<dt class='gallery-icon landscape'>\n\t\t\t\t<a href='https:\/\/atdas.com.tr\/site\/en\/urunlerimiz\/logo-copy\/'><img width=\"150\" height=\"150\" src=\"https:\/\/atdas.com.tr\/site\/en\/wp-content\/uploads\/logo-Copy-150x150.gif\" class=\"attachment-thumbnail size-thumbnail\" alt=\"\" loading=\"lazy\" \/><\/a>\n\t\t\t<\/dt><\/dl><br style=\"clear: both\" \/><dl class='gallery-item'>\n\t\t\t<dt class='gallery-icon landscape'>\n\t\t\t\t<a href='https:\/\/atdas.com.tr\/site\/en\/urunlerimiz\/pic2-copy\/'><img width=\"150\" height=\"150\" src=\"https:\/\/atdas.com.tr\/site\/en\/wp-content\/uploads\/pic2-Copy-150x150.gif\" class=\"attachment-thumbnail size-thumbnail\" alt=\"\" loading=\"lazy\" \/><\/a>\n\t\t\t<\/dt><\/dl><dl class='gallery-item'>\n\t\t\t<dt class='gallery-icon landscape'>\n\t\t\t\t<a href='https:\/\/atdas.com.tr\/site\/en\/urunlerimiz\/pic3-copy\/'><img width=\"150\" height=\"150\" src=\"https:\/\/atdas.com.tr\/site\/en\/wp-content\/uploads\/pic3-Copy-150x150.gif\" class=\"attachment-thumbnail size-thumbnail\" alt=\"\" loading=\"lazy\" \/><\/a>\n\t\t\t<\/dt><\/dl><dl class='gallery-item'>\n\t\t\t<dt class='gallery-icon landscape'>\n\t\t\t\t<a href='https:\/\/atdas.com.tr\/site\/en\/urunlerimiz\/pic11-copy\/'><img width=\"150\" height=\"150\" src=\"https:\/\/atdas.com.tr\/site\/en\/wp-content\/uploads\/pic11-Copy-150x150.gif\" class=\"attachment-thumbnail size-thumbnail\" alt=\"\" loading=\"lazy\" \/><\/a>\n\t\t\t<\/dt><\/dl><dl class='gallery-item'>\n\t\t\t<dt class='gallery-icon landscape'>\n\t\t\t\t<a href='https:\/\/atdas.com.tr\/site\/en\/urunlerimiz\/pic12-copy\/'><img width=\"150\" height=\"150\" src=\"https:\/\/atdas.com.tr\/site\/en\/wp-content\/uploads\/pic12-Copy-150x150.gif\" class=\"attachment-thumbnail size-thumbnail\" alt=\"\" loading=\"lazy\" \/><\/a>\n\t\t\t<\/dt><\/dl><dl class='gallery-item'>\n\t\t\t<dt class='gallery-icon landscape'>\n\t\t\t\t<a href='https:\/\/atdas.com.tr\/site\/en\/urunlerimiz\/pic14-copy\/'><img width=\"150\" height=\"150\" src=\"https:\/\/atdas.com.tr\/site\/en\/wp-content\/uploads\/pic14-Copy-150x150.gif\" class=\"attachment-thumbnail size-thumbnail\" alt=\"\" loading=\"lazy\" \/><\/a>\n\t\t\t<\/dt><\/dl><br style=\"clear: both\" \/>\n\t\t<\/div>\n","protected":false},"excerpt":{"rendered":"<p>The product is a PANEL manufactured for sensitively-insulated Ventilation Channel System out of polyisocyanurate (PIR) foam covered with 99% pure aluminium foil on the both surfaces. It is a durable, light, practical, hygienic and high temperature resistant, and provides and offers easy manufacturing and installation along with high indoor air quality. Thanks to its high [&hellip;]<\/p>\n","protected":false},"author":1,"featured_media":0,"parent":0,"menu_order":0,"comment_status":"closed","ping_status":"closed","template":"","meta":[],"_links":{"self":[{"href":"https:\/\/atdas.com.tr\/site\/en\/wp-json\/wp\/v2\/pages\/112"}],"collection":[{"href":"https:\/\/atdas.com.tr\/site\/en\/wp-json\/wp\/v2\/pages"}],"about":[{"href":"https:\/\/atdas.com.tr\/site\/en\/wp-json\/wp\/v2\/types\/page"}],"author":[{"embeddable":true,"href":"https:\/\/atdas.com.tr\/site\/en\/wp-json\/wp\/v2\/users\/1"}],"replies":[{"embeddable":true,"href":"https:\/\/atdas.com.tr\/site\/en\/wp-json\/wp\/v2\/comments?post=112"}],"version-history":[{"count":0,"href":"https:\/\/atdas.com.tr\/site\/en\/wp-json\/wp\/v2\/pages\/112\/revisions"}],"wp:attachment":[{"href":"https:\/\/atdas.com.tr\/site\/en\/wp-json\/wp\/v2\/media?parent=112"}],"curies":[{"name":"wp","href":"https:\/\/api.w.org\/{rel}","templated":true}]}}